{"id":180,"date":"2023-11-03T22:26:32","date_gmt":"2023-11-03T22:26:32","guid":{"rendered":"https:\/\/desechablesmisas.com\/?post_type=product&#038;p=180"},"modified":"2025-03-06T15:43:00","modified_gmt":"2025-03-06T15:43:00","slug":"bata-laboratorio-manga-larga","status":"publish","type":"product","link":"https:\/\/desechablesmisas.com\/index.php\/producto\/bata-laboratorio-manga-larga\/","title":{"rendered":"BATA LABORATORIO MANGA LARGA"},"content":{"rendered":"<h3 data-start=\"90\" data-end=\"177\"><span style=\"color: #000000;\"><strong data-start=\"94\" data-end=\"175\">Protecci\u00f3n Completa para Ambientes Controlados<\/strong><\/span><\/h3>\n<p data-start=\"179\" data-end=\"499\"><span style=\"color: #000000;\">Nuestra <strong data-start=\"187\" data-end=\"219\">Bata Laboratorio Manga Larga<\/strong> es la opci\u00f3n ideal para garantizar seguridad e higiene en laboratorios, cl\u00ednicas e industrias. Su dise\u00f1o con mangas largas brinda una mayor cobertura y protecci\u00f3n contra contaminantes, mientras que su material liviano y transpirable asegura comodidad durante el uso prolongado.<\/span><\/p>\n","protected":false},"excerpt":{"rendered":"<h4 data-start=\"501\" data-end=\"528\"><span style=\"color: #000000;\"><strong data-start=\"506\" data-end=\"526\">Caracter\u00edsticas:<\/strong><\/span><\/h4>\n<p data-start=\"529\" data-end=\"837\"><span style=\"color: #000000;\">\u2705 <strong data-start=\"531\" data-end=\"569\">Material resistente y transpirable<\/strong> para mayor confort.<\/span><br data-start=\"589\" data-end=\"592\" \/><span style=\"color: #000000;\">\u2705 <strong data-start=\"594\" data-end=\"619\">Dise\u00f1o de manga larga<\/strong> que ofrece protecci\u00f3n extra.<\/span><br data-start=\"648\" data-end=\"651\" \/><span style=\"color: #000000;\">\u2705 <strong data-start=\"653\" data-end=\"683\">Cierre con velcro<\/strong>\u00a0para un ajuste seguro.<\/span><br data-start=\"706\" data-end=\"709\" \/><span style=\"color: #000000;\">\u2705 <strong data-start=\"711\" data-end=\"770\">Uso recomendado en laboratorios, cl\u00ednicas e industrias.<\/strong><\/span><br data-start=\"770\" data-end=\"773\" data-is-only-node=\"\" \/><span style=\"color: #000000;\">\u2705 <strong data-start=\"775\" data-end=\"835\">Disponibilidad inmediata en ventas al por mayor y menor. Disponible en color blanco y azul\u00a0<\/strong><\/span><\/p>\n","protected":false},"featured_media":657,"comment_status":"open","ping_status":"closed","template":"","meta":{"site-sidebar-layout":"default","site-content-layout":"","ast-site-content-layout":"default","site-content-style":"default","site-sidebar-style":"default","ast-global-header-display":"","ast-banner-title-visibility":"","ast-main-header-display":"","ast-hfb-above-header-display":"","ast-hfb-below-header-display":"","ast-hfb-mobile-header-display":"","site-post-title":"","ast-breadcrumbs-content":"","ast-featured-img":"","footer-sml-layout":"","theme-transparent-header-meta":"default","adv-header-id-meta":"","stick-header-meta":"","header-above-stick-meta":"","header-main-stick-meta":"","header-below-stick-meta":"","astra-migrate-meta-layouts":"set","ast-page-background-enabled":"default","ast-page-background-meta":{"desktop":{"background-color":"var(--ast-global-color-4)","background-image":"","background-repeat":"repeat","background-position":"center center","background-size":"auto","background-attachment":"scroll","background-type":"","background-media":"","overlay-type":"","overlay-color":"","overlay-opacity":"","overlay-gradient":""},"tablet":{"background-color":"","background-image":"","background-repeat":"repeat","background-position":"center center","background-size":"auto","background-attachment":"scroll","background-type":"","background-media":"","overlay-type":"","overlay-color":"","overlay-opacity":"","overlay-gradient":""},"mobile":{"background-color":"","background-image":"","background-repeat":"repeat","background-position":"center center","background-size":"auto","background-attachment":"scroll","background-type":"","background-media":"","overlay-type":"","overlay-color":"","overlay-opacity":"","overlay-gradient":""}},"ast-content-background-meta":{"desktop":{"background-color":"var(--ast-global-color-5)","background-image":"","background-repeat":"repeat","background-position":"center center","background-size":"auto","background-attachment":"scroll","background-type":"","background-media":"","overlay-type":"","overlay-color":"","overlay-opacity":"","overlay-gradient":""},"tablet":{"background-color":"var(--ast-global-color-5)","background-image":"","background-repeat":"repeat","background-position":"center center","background-size":"auto","background-attachment":"scroll","background-type":"","background-media":"","overlay-type":"","overlay-color":"","overlay-opacity":"","overlay-gradient":""},"mobile":{"background-color":"var(--ast-global-color-5)","background-image":"","background-repeat":"repeat","background-position":"center center","background-size":"auto","background-attachment":"scroll","background-type":"","background-media":"","overlay-type":"","overlay-color":"","overlay-opacity":"","overlay-gradient":""}},"_joinchat":[]},"product_cat":[23],"product_tag":[],"class_list":{"0":"post-180","1":"product","2":"type-product","3":"status-publish","4":"has-post-thumbnail","6":"product_cat-area-industrial","7":"desktop-align-left","8":"tablet-align-left","9":"mobile-align-left","11":"first","12":"instock","13":"shipping-taxable","14":"purchasable","15":"product-type-simple"},"_links":{"self":[{"href":"https:\/\/desechablesmisas.com\/index.php\/wp-json\/wp\/v2\/product\/180","targetHints":{"allow":["GET"]}}],"collection":[{"href":"https:\/\/desechablesmisas.com\/index.php\/wp-json\/wp\/v2\/product"}],"about":[{"href":"https:\/\/desechablesmisas.com\/index.php\/wp-json\/wp\/v2\/types\/product"}],"replies":[{"embeddable":true,"href":"https:\/\/desechablesmisas.com\/index.php\/wp-json\/wp\/v2\/comments?post=180"}],"wp:featuredmedia":[{"embeddable":true,"href":"https:\/\/desechablesmisas.com\/index.php\/wp-json\/wp\/v2\/media\/657"}],"wp:attachment":[{"href":"https:\/\/desechablesmisas.com\/index.php\/wp-json\/wp\/v2\/media?parent=180"}],"wp:term":[{"taxonomy":"product_cat","embeddable":true,"href":"https:\/\/desechablesmisas.com\/index.php\/wp-json\/wp\/v2\/product_cat?post=180"},{"taxonomy":"product_tag","embeddable":true,"href":"https:\/\/desechablesmisas.com\/index.php\/wp-json\/wp\/v2\/product_tag?post=180"}],"curies":[{"name":"wp","href":"https:\/\/api.w.org\/{rel}","templated":true}]}}