{"id":342,"date":"2023-11-10T17:18:26","date_gmt":"2023-11-10T17:18:26","guid":{"rendered":"https:\/\/desechablesmisas.com\/?post_type=product&#038;p=342"},"modified":"2025-03-04T22:07:13","modified_gmt":"2025-03-04T22:07:13","slug":"bata-puno-blanco","status":"publish","type":"product","link":"https:\/\/desechablesmisas.com\/index.php\/producto\/bata-puno-blanco\/","title":{"rendered":"BATA PU\u00d1O ALGOD\u00d3N"},"content":{"rendered":"<p><span style=\"color: #000000;\">Nuestra <strong data-start=\"161\" data-end=\"182\">Bata Pu\u00f1o Algod\u00f3n<\/strong> est\u00e1 dise\u00f1ada para ofrecer una mayor comodidad sin comprometer la seguridad. Su material desechable brinda una excelente barrera de protecci\u00f3n, mientras que los pu\u00f1os de algod\u00f3n permiten un ajuste suave y c\u00f3modo, ideal para largas jornadas de trabajo en el sector m\u00e9dico, alimentario e industrial.<\/span><\/p>\n","protected":false},"excerpt":{"rendered":"<h4 data-start=\"484\" data-end=\"511\"><span style=\"color: #000000;\"><strong data-start=\"489\" data-end=\"509\">Caracter\u00edsticas:<\/strong><\/span><\/h4>\n<p data-start=\"512\" data-end=\"817\"><span style=\"color: #000000;\">\u2705 <strong data-start=\"514\" data-end=\"534\">Pu\u00f1os de algod\u00f3n<\/strong> para mayor confort y ajuste perfecto.<\/span><br data-start=\"572\" data-end=\"575\" \/><span style=\"color: #000000;\">\u2705 <strong data-start=\"577\" data-end=\"615\">Material resistente y transpirable<\/strong> para un uso c\u00f3modo.<\/span><br data-start=\"635\" data-end=\"638\" \/><span style=\"color: #000000;\">\u2705 <strong data-start=\"640\" data-end=\"679\">Dise\u00f1o pr\u00e1ctico y f\u00e1cil de colocar.<\/strong><\/span><br data-start=\"679\" data-end=\"682\" \/><span style=\"color: #000000;\">\u2705 <strong data-start=\"684\" data-end=\"750\">Uso recomendado en hospitales, laboratorios, industrias y m\u00e1s.<\/strong><\/span><br data-start=\"750\" data-end=\"753\" \/><span style=\"color: #000000;\">\u2705 <strong data-start=\"755\" data-end=\"815\">Disponibilidad inmediata en ventas al por mayor y menor.<\/strong><\/span><\/p>\n<p data-start=\"819\" data-end=\"961\"><span style=\"color: #000000;\">Con m\u00e1s de 20 a\u00f1os en el mercado, garantizamos productos desechables de alta calidad para la protecci\u00f3n y seguridad de tu equipo de trabajo.<\/span><\/p>\n","protected":false},"featured_media":646,"comment_status":"open","ping_status":"closed","template":"","meta":{"site-sidebar-layout":"default","site-content-layout":"","ast-site-content-layout":"default","site-content-style":"default","site-sidebar-style":"default","ast-global-header-display":"","ast-banner-title-visibility":"","ast-main-header-display":"","ast-hfb-above-header-display":"","ast-hfb-below-header-display":"","ast-hfb-mobile-header-display":"","site-post-title":"","ast-breadcrumbs-content":"","ast-featured-img":"","footer-sml-layout":"","theme-transparent-header-meta":"default","adv-header-id-meta":"","stick-header-meta":"","header-above-stick-meta":"","header-main-stick-meta":"","header-below-stick-meta":"","astra-migrate-meta-layouts":"set","ast-page-background-enabled":"default","ast-page-background-meta":{"desktop":{"background-color":"var(--ast-global-color-4)","background-image":"","background-repeat":"repeat","background-position":"center center","background-size":"auto","background-attachment":"scroll","background-type":"","background-media":"","overlay-type":"","overlay-color":"","overlay-opacity":"","overlay-gradient":""},"tablet":{"background-color":"","background-image":"","background-repeat":"repeat","background-position":"center center","background-size":"auto","background-attachment":"scroll","background-type":"","background-media":"","overlay-type":"","overlay-color":"","overlay-opacity":"","overlay-gradient":""},"mobile":{"background-color":"","background-image":"","background-repeat":"repeat","background-position":"center center","background-size":"auto","background-attachment":"scroll","background-type":"","background-media":"","overlay-type":"","overlay-color":"","overlay-opacity":"","overlay-gradient":""}},"ast-content-background-meta":{"desktop":{"background-color":"var(--ast-global-color-5)","background-image":"","background-repeat":"repeat","background-position":"center center","background-size":"auto","background-attachment":"scroll","background-type":"","background-media":"","overlay-type":"","overlay-color":"","overlay-opacity":"","overlay-gradient":""},"tablet":{"background-color":"var(--ast-global-color-5)","background-image":"","background-repeat":"repeat","background-position":"center center","background-size":"auto","background-attachment":"scroll","background-type":"","background-media":"","overlay-type":"","overlay-color":"","overlay-opacity":"","overlay-gradient":""},"mobile":{"background-color":"var(--ast-global-color-5)","background-image":"","background-repeat":"repeat","background-position":"center center","background-size":"auto","background-attachment":"scroll","background-type":"","background-media":"","overlay-type":"","overlay-color":"","overlay-opacity":"","overlay-gradient":""}},"_joinchat":[]},"product_cat":[22],"product_tag":[],"class_list":{"0":"post-342","1":"product","2":"type-product","3":"status-publish","4":"has-post-thumbnail","6":"product_cat-area-medica","7":"desktop-align-left","8":"tablet-align-left","9":"mobile-align-left","11":"first","12":"instock","13":"shipping-taxable","14":"purchasable","15":"product-type-simple"},"_links":{"self":[{"href":"https:\/\/desechablesmisas.com\/index.php\/wp-json\/wp\/v2\/product\/342","targetHints":{"allow":["GET"]}}],"collection":[{"href":"https:\/\/desechablesmisas.com\/index.php\/wp-json\/wp\/v2\/product"}],"about":[{"href":"https:\/\/desechablesmisas.com\/index.php\/wp-json\/wp\/v2\/types\/product"}],"replies":[{"embeddable":true,"href":"https:\/\/desechablesmisas.com\/index.php\/wp-json\/wp\/v2\/comments?post=342"}],"wp:featuredmedia":[{"embeddable":true,"href":"https:\/\/desechablesmisas.com\/index.php\/wp-json\/wp\/v2\/media\/646"}],"wp:attachment":[{"href":"https:\/\/desechablesmisas.com\/index.php\/wp-json\/wp\/v2\/media?parent=342"}],"wp:term":[{"taxonomy":"product_cat","embeddable":true,"href":"https:\/\/desechablesmisas.com\/index.php\/wp-json\/wp\/v2\/product_cat?post=342"},{"taxonomy":"product_tag","embeddable":true,"href":"https:\/\/desechablesmisas.com\/index.php\/wp-json\/wp\/v2\/product_tag?post=342"}],"curies":[{"name":"wp","href":"https:\/\/api.w.org\/{rel}","templated":true}]}}