{"id":343,"date":"2023-11-10T17:19:03","date_gmt":"2023-11-10T17:19:03","guid":{"rendered":"https:\/\/desechablesmisas.com\/?post_type=product&#038;p=343"},"modified":"2025-03-04T21:58:18","modified_gmt":"2025-03-04T21:58:18","slug":"bata-puno-resorte","status":"publish","type":"product","link":"https:\/\/desechablesmisas.com\/index.php\/producto\/bata-puno-resorte\/","title":{"rendered":"BATA PU\u00d1O RESORTE"},"content":{"rendered":"<p><span style=\"color: #000000;\">Nuestra <strong data-start=\"155\" data-end=\"176\">Bata Pu\u00f1o Resorte<\/strong> est\u00e1 dise\u00f1ada para brindar una barrera de protecci\u00f3n confiable en entornos donde la higiene es primordial. Su material resistente y desechable, junto con su ajuste seguro en los pu\u00f1os, evita el contacto con contaminantes y proporciona mayor comodidad durante su uso.<\/span><\/p>\n","protected":false},"excerpt":{"rendered":"<h4 data-start=\"447\" data-end=\"474\"><span style=\"color: #000000;\"><strong data-start=\"452\" data-end=\"472\">Caracter\u00edsticas:<\/strong><\/span><\/h4>\n<p data-start=\"475\" data-end=\"777\"><span style=\"color: #000000;\">\u2705 <strong data-start=\"477\" data-end=\"512\">Material liviano y transpirable<\/strong> para mayor comodidad.<\/span><br data-start=\"534\" data-end=\"537\" \/><span style=\"color: #000000;\">\u2705 <strong data-start=\"539\" data-end=\"560\">Pu\u00f1os con resorte<\/strong> para un ajuste seguro y protecci\u00f3n extra.<\/span><br data-start=\"602\" data-end=\"605\" \/><span style=\"color: #000000;\">\u2705 <strong data-start=\"607\" data-end=\"646\">Dise\u00f1o pr\u00e1ctico y f\u00e1cil de colocar.<\/strong><\/span><br data-start=\"646\" data-end=\"649\" \/><span style=\"color: #000000;\">\u2705 <strong data-start=\"651\" data-end=\"710\">Ideal para la industria m\u00e9dica, alimentaria y est\u00e9tica.<\/strong><\/span><br data-start=\"710\" data-end=\"713\" \/><span style=\"color: #000000;\">\u2705 <strong data-start=\"715\" data-end=\"775\">Disponibilidad inmediata en ventas al por mayor y menor.<\/strong><\/span><\/p>\n<p data-start=\"779\" data-end=\"915\"><span style=\"color: #000000;\">Con m\u00e1s de 20 a\u00f1os de experiencia, ofrecemos productos desechables de la m\u00e1s alta calidad para la protecci\u00f3n y seguridad de tu equipo.<\/span><\/p>\n","protected":false},"featured_media":644,"comment_status":"open","ping_status":"closed","template":"","meta":{"site-sidebar-layout":"default","site-content-layout":"","ast-site-content-layout":"default","site-content-style":"default","site-sidebar-style":"default","ast-global-header-display":"","ast-banner-title-visibility":"","ast-main-header-display":"","ast-hfb-above-header-display":"","ast-hfb-below-header-display":"","ast-hfb-mobile-header-display":"","site-post-title":"","ast-breadcrumbs-content":"","ast-featured-img":"","footer-sml-layout":"","theme-transparent-header-meta":"default","adv-header-id-meta":"","stick-header-meta":"","header-above-stick-meta":"","header-main-stick-meta":"","header-below-stick-meta":"","astra-migrate-meta-layouts":"set","ast-page-background-enabled":"default","ast-page-background-meta":{"desktop":{"background-color":"var(--ast-global-color-4)","background-image":"","background-repeat":"repeat","background-position":"center center","background-size":"auto","background-attachment":"scroll","background-type":"","background-media":"","overlay-type":"","overlay-color":"","overlay-opacity":"","overlay-gradient":""},"tablet":{"background-color":"","background-image":"","background-repeat":"repeat","background-position":"center center","background-size":"auto","background-attachment":"scroll","background-type":"","background-media":"","overlay-type":"","overlay-color":"","overlay-opacity":"","overlay-gradient":""},"mobile":{"background-color":"","background-image":"","background-repeat":"repeat","background-position":"center center","background-size":"auto","background-attachment":"scroll","background-type":"","background-media":"","overlay-type":"","overlay-color":"","overlay-opacity":"","overlay-gradient":""}},"ast-content-background-meta":{"desktop":{"background-color":"var(--ast-global-color-5)","background-image":"","background-repeat":"repeat","background-position":"center center","background-size":"auto","background-attachment":"scroll","background-type":"","background-media":"","overlay-type":"","overlay-color":"","overlay-opacity":"","overlay-gradient":""},"tablet":{"background-color":"var(--ast-global-color-5)","background-image":"","background-repeat":"repeat","background-position":"center center","background-size":"auto","background-attachment":"scroll","background-type":"","background-media":"","overlay-type":"","overlay-color":"","overlay-opacity":"","overlay-gradient":""},"mobile":{"background-color":"var(--ast-global-color-5)","background-image":"","background-repeat":"repeat","background-position":"center center","background-size":"auto","background-attachment":"scroll","background-type":"","background-media":"","overlay-type":"","overlay-color":"","overlay-opacity":"","overlay-gradient":""}},"_joinchat":[]},"product_cat":[22],"product_tag":[],"class_list":{"0":"post-343","1":"product","2":"type-product","3":"status-publish","4":"has-post-thumbnail","6":"product_cat-area-medica","7":"desktop-align-left","8":"tablet-align-left","9":"mobile-align-left","11":"first","12":"instock","13":"shipping-taxable","14":"purchasable","15":"product-type-simple"},"_links":{"self":[{"href":"https:\/\/desechablesmisas.com\/index.php\/wp-json\/wp\/v2\/product\/343","targetHints":{"allow":["GET"]}}],"collection":[{"href":"https:\/\/desechablesmisas.com\/index.php\/wp-json\/wp\/v2\/product"}],"about":[{"href":"https:\/\/desechablesmisas.com\/index.php\/wp-json\/wp\/v2\/types\/product"}],"replies":[{"embeddable":true,"href":"https:\/\/desechablesmisas.com\/index.php\/wp-json\/wp\/v2\/comments?post=343"}],"wp:featuredmedia":[{"embeddable":true,"href":"https:\/\/desechablesmisas.com\/index.php\/wp-json\/wp\/v2\/media\/644"}],"wp:attachment":[{"href":"https:\/\/desechablesmisas.com\/index.php\/wp-json\/wp\/v2\/media?parent=343"}],"wp:term":[{"taxonomy":"product_cat","embeddable":true,"href":"https:\/\/desechablesmisas.com\/index.php\/wp-json\/wp\/v2\/product_cat?post=343"},{"taxonomy":"product_tag","embeddable":true,"href":"https:\/\/desechablesmisas.com\/index.php\/wp-json\/wp\/v2\/product_tag?post=343"}],"curies":[{"name":"wp","href":"https:\/\/api.w.org\/{rel}","templated":true}]}}