{"id":493,"date":"2023-11-16T22:30:48","date_gmt":"2023-11-16T22:30:48","guid":{"rendered":"https:\/\/desechablesmisas.com\/?post_type=product&#038;p=493"},"modified":"2025-07-13T18:56:18","modified_gmt":"2025-07-13T18:56:18","slug":"pantaloneta","status":"publish","type":"product","link":"https:\/\/desechablesmisas.com\/index.php\/producto\/pantaloneta\/","title":{"rendered":"PANTALONETA"},"content":{"rendered":"<p><span style=\"color: #000000;\"><strong data-start=\"170\" data-end=\"186\">Descripci\u00f3n:<\/strong><\/span><br data-start=\"186\" data-end=\"189\" \/><span style=\"color: #000000;\">Pantaloneta desechable dise\u00f1ada para ofrecer comodidad e higiene en entornos m\u00e9dicos, est\u00e9ticos y de bienestar. Ideal para su uso en spas, cl\u00ednicas, laboratorios y centros de salud.<\/span><\/p>\n","protected":false},"excerpt":{"rendered":"<p><span style=\"color: #000000;\"><strong data-start=\"374\" data-end=\"394\">Caracter\u00edsticas:<\/strong><\/span><br data-start=\"394\" data-end=\"397\" \/><span style=\"color: #000000;\">\u2714 Fabricada en material <strong data-start=\"421\" data-end=\"431\">SMS\/SS<\/strong>, resistente y transpirable.<\/span><br data-start=\"459\" data-end=\"462\" \/><span style=\"color: #000000;\">\u2714 <strong data-start=\"464\" data-end=\"490\">Ligera, suave y c\u00f3moda<\/strong> para mayor confort del usuario.<\/span><br data-start=\"522\" data-end=\"525\" \/><span style=\"color: #000000;\">\u2714 Cintura con <strong data-start=\"539\" data-end=\"558\">ajuste el\u00e1stico<\/strong> para una mejor sujeci\u00f3n.<\/span><br data-start=\"583\" data-end=\"586\" \/><span style=\"color: #000000;\">\u2714 <strong data-start=\"588\" data-end=\"607\">No transparente<\/strong>, brindando seguridad y discreci\u00f3n.<\/span><br data-start=\"642\" data-end=\"645\" \/><span style=\"color: #000000;\">\u2714 <strong data-start=\"647\" data-end=\"665\">Talla est\u00e1ndar<\/strong>, adaptable a diferentes complexiones.<\/span><br data-start=\"703\" data-end=\"706\" \/><span style=\"color: #000000;\">\u2714 Elaborada en <strong data-start=\"721\" data-end=\"739\">tela no tejida<\/strong>, garantizando frescura y protecci\u00f3n<\/span><\/p>\n","protected":false},"featured_media":529,"comment_status":"open","ping_status":"closed","template":"","meta":{"site-sidebar-layout":"default","site-content-layout":"","ast-site-content-layout":"default","site-content-style":"default","site-sidebar-style":"default","ast-global-header-display":"","ast-banner-title-visibility":"","ast-main-header-display":"","ast-hfb-above-header-display":"","ast-hfb-below-header-display":"","ast-hfb-mobile-header-display":"","site-post-title":"","ast-breadcrumbs-content":"","ast-featured-img":"","footer-sml-layout":"","theme-transparent-header-meta":"default","adv-header-id-meta":"","stick-header-meta":"","header-above-stick-meta":"","header-main-stick-meta":"","header-below-stick-meta":"","astra-migrate-meta-layouts":"set","ast-page-background-enabled":"default","ast-page-background-meta":{"desktop":{"background-color":"var(--ast-global-color-4)","background-image":"","background-repeat":"repeat","background-position":"center center","background-size":"auto","background-attachment":"scroll","background-type":"","background-media":"","overlay-type":"","overlay-color":"","overlay-opacity":"","overlay-gradient":""},"tablet":{"background-color":"","background-image":"","background-repeat":"repeat","background-position":"center center","background-size":"auto","background-attachment":"scroll","background-type":"","background-media":"","overlay-type":"","overlay-color":"","overlay-opacity":"","overlay-gradient":""},"mobile":{"background-color":"","background-image":"","background-repeat":"repeat","background-position":"center center","background-size":"auto","background-attachment":"scroll","background-type":"","background-media":"","overlay-type":"","overlay-color":"","overlay-opacity":"","overlay-gradient":""}},"ast-content-background-meta":{"desktop":{"background-color":"var(--ast-global-color-5)","background-image":"","background-repeat":"repeat","background-position":"center center","background-size":"auto","background-attachment":"scroll","background-type":"","background-media":"","overlay-type":"","overlay-color":"","overlay-opacity":"","overlay-gradient":""},"tablet":{"background-color":"var(--ast-global-color-5)","background-image":"","background-repeat":"repeat","background-position":"center center","background-size":"auto","background-attachment":"scroll","background-type":"","background-media":"","overlay-type":"","overlay-color":"","overlay-opacity":"","overlay-gradient":""},"mobile":{"background-color":"var(--ast-global-color-5)","background-image":"","background-repeat":"repeat","background-position":"center center","background-size":"auto","background-attachment":"scroll","background-type":"","background-media":"","overlay-type":"","overlay-color":"","overlay-opacity":"","overlay-gradient":""}},"_joinchat":[]},"product_cat":[24,22],"product_tag":[],"class_list":{"0":"post-493","1":"product","2":"type-product","3":"status-publish","4":"has-post-thumbnail","6":"product_cat-area-estetica-spa","7":"product_cat-area-medica","8":"desktop-align-left","9":"tablet-align-left","10":"mobile-align-left","12":"first","13":"instock","14":"sale","15":"shipping-taxable","16":"purchasable","17":"product-type-simple"},"_links":{"self":[{"href":"https:\/\/desechablesmisas.com\/index.php\/wp-json\/wp\/v2\/product\/493","targetHints":{"allow":["GET"]}}],"collection":[{"href":"https:\/\/desechablesmisas.com\/index.php\/wp-json\/wp\/v2\/product"}],"about":[{"href":"https:\/\/desechablesmisas.com\/index.php\/wp-json\/wp\/v2\/types\/product"}],"replies":[{"embeddable":true,"href":"https:\/\/desechablesmisas.com\/index.php\/wp-json\/wp\/v2\/comments?post=493"}],"wp:featuredmedia":[{"embeddable":true,"href":"https:\/\/desechablesmisas.com\/index.php\/wp-json\/wp\/v2\/media\/529"}],"wp:attachment":[{"href":"https:\/\/desechablesmisas.com\/index.php\/wp-json\/wp\/v2\/media?parent=493"}],"wp:term":[{"taxonomy":"product_cat","embeddable":true,"href":"https:\/\/desechablesmisas.com\/index.php\/wp-json\/wp\/v2\/product_cat?post=493"},{"taxonomy":"product_tag","embeddable":true,"href":"https:\/\/desechablesmisas.com\/index.php\/wp-json\/wp\/v2\/product_tag?post=493"}],"curies":[{"name":"wp","href":"https:\/\/api.w.org\/{rel}","templated":true}]}}